        
{"id":1234,"date":"2019-04-26T14:00:03","date_gmt":"2019-04-26T11:00:03","guid":{"rendered":"http:\/\/fikrialemdijital.com\/demo\/ninova\/hakkimizda\/"},"modified":"2019-05-09T15:47:38","modified_gmt":"2019-05-09T12:47:38","slug":"hakkimizda","status":"publish","type":"page","link":"https:\/\/www.ninovapark.com.tr\/en\/hakkimizda\/","title":{"rendered":"About Us"},"content":{"rendered":"Al\u0131\u015fveri\u015fin ve e\u011flencenin ilk adresi olan NinovaPark AVM, 50 Bin m2 \u0130n\u015faat alan\u0131 ve 25 bin m2 kiralanabilir alan\u0131yla b\u00f6lgenin en b\u00fcy\u00fck AVM\u2019si.\r\n\r\nMarkalar\u0131yla, modern mimarisi ve i\u015fletmesiyle G\u00fcneydo\u011fu\u2019nun yeni \u00e7ekim merkezi olan NinovaPark AVM&#8217;de, 80 ma\u011faza, profesyonel olarak tasarlanm\u0131\u015f tek \u00e7ocuk oyun alan\u0131, 8 salonlu sinema bulunuyor. \u0130lk iki kat\u0131 otopark olarak planlanan merkez, be\u015f kat \u00fczerine kurulu.\r\n\r\nAlt zemin kat\u0131n ev aksesuarlar\u0131, beyaz e\u015fya ma\u011fazalar\u0131 ve markete ayr\u0131lan merkezin, giri\u015f kat\u0131nda klasik ve gen\u00e7 giyim aksesuar ma\u011fazalar\u0131 yer al\u0131yor. Birinci kat\u0131nda aktif giyim, ayakkab\u0131 ve aksesuar\u0131n yer ald\u0131\u011f\u0131 merkezin ikinci kat\u0131nda \u00e7ocuk e\u011flence merkezi, \u00e7ocuk giyim, 12D sinema, ev tekstili, cafe ve restoranlar yer al\u0131yor. Merkezde, sigara yasa\u011f\u0131 dikkate al\u0131narak restoranlara \u00f6zel ortak kullan\u0131m alan\u0131 olarak \u00f6zel teraslar da bulunuyor.","protected":false},"excerpt":{"rendered":"<p>Al\u0131\u015fveri\u015fin ve e\u011flencenin ilk adresi olan NinovaPark AVM, 50 Bin m2 \u0130n\u015faat alan\u0131 ve 25 [&hellip;]<\/p>\n","protected":false},"author":3,"featured_media":0,"parent":0,"menu_order":0,"comment_status":"closed","ping_status":"closed","template":"","meta":{"footnotes":"","_links_to":"","_links_to_target":""},"yoast_head":"<!-- This site is optimized with the Yoast SEO plugin v21.0 - https:\/\/yoast.com\/wordpress\/plugins\/seo\/ -->\n<title>About Us - Ninovapark<\/title>\n<meta name=\"robots\" content=\"index, follow, max-snippet:-1, max-image-preview:large, max-video-preview:-1\" \/>\n<link rel=\"canonical\" href=\"https:\/\/www.ninovapark.com.tr\/en\/hakkimizda\/\" \/>\n<meta property=\"og:locale\" content=\"en_US\" \/>\n<meta property=\"og:type\" content=\"article\" \/>\n<meta property=\"og:title\" content=\"About Us - Ninovapark\" \/>\n<meta property=\"og:description\" content=\"Al\u0131\u015fveri\u015fin ve e\u011flencenin ilk adresi olan NinovaPark AVM, 50 Bin m2 \u0130n\u015faat alan\u0131 ve 25 [&hellip;]\" \/>\n<meta property=\"og:url\" content=\"https:\/\/www.ninovapark.com.tr\/en\/hakkimizda\/\" \/>\n<meta property=\"og:site_name\" content=\"Ninovapark\" \/>\n<meta property=\"article:modified_time\" content=\"2019-05-09T12:47:38+00:00\" \/>\n<meta name=\"twitter:card\" content=\"summary_large_image\" \/>\n<meta name=\"twitter:label1\" content=\"Est. reading time\" \/>\n\t<meta name=\"twitter:data1\" content=\"1 minute\" \/>\n<script type=\"application\/ld+json\" class=\"yoast-schema-graph\">{\"@context\":\"https:\/\/schema.org\",\"@graph\":[{\"@type\":\"WebPage\",\"@id\":\"https:\/\/www.ninovapark.com.tr\/en\/hakkimizda\/\",\"url\":\"https:\/\/www.ninovapark.com.tr\/en\/hakkimizda\/\",\"name\":\"About Us - Ninovapark\",\"isPartOf\":{\"@id\":\"https:\/\/www.ninovapark.com.tr\/#website\"},\"datePublished\":\"2019-04-26T11:00:03+00:00\",\"dateModified\":\"2019-05-09T12:47:38+00:00\",\"breadcrumb\":{\"@id\":\"https:\/\/www.ninovapark.com.tr\/en\/hakkimizda\/#breadcrumb\"},\"inLanguage\":\"en-US\",\"potentialAction\":[{\"@type\":\"ReadAction\",\"target\":[\"https:\/\/www.ninovapark.com.tr\/en\/hakkimizda\/\"]}]},{\"@type\":\"BreadcrumbList\",\"@id\":\"https:\/\/www.ninovapark.com.tr\/en\/hakkimizda\/#breadcrumb\",\"itemListElement\":[{\"@type\":\"ListItem\",\"position\":1,\"name\":\"Anasayfa\",\"item\":\"https:\/\/www.ninovapark.com.tr\/\"},{\"@type\":\"ListItem\",\"position\":2,\"name\":\"About Us\"}]},{\"@type\":\"WebSite\",\"@id\":\"https:\/\/www.ninovapark.com.tr\/#website\",\"url\":\"https:\/\/www.ninovapark.com.tr\/\",\"name\":\"Ninovapark\",\"description\":\"\",\"potentialAction\":[{\"@type\":\"SearchAction\",\"target\":{\"@type\":\"EntryPoint\",\"urlTemplate\":\"https:\/\/www.ninovapark.com.tr\/?s={search_term_string}\"},\"query-input\":\"required name=search_term_string\"}],\"inLanguage\":\"en-US\"}]}<\/script>\n<!-- \/ Yoast SEO plugin. -->","yoast_head_json":{"title":"About Us - Ninovapark","robots":{"index":"index","follow":"follow","max-snippet":"max-snippet:-1","max-image-preview":"max-image-preview:large","max-video-preview":"max-video-preview:-1"},"canonical":"https:\/\/www.ninovapark.com.tr\/en\/hakkimizda\/","og_locale":"en_US","og_type":"article","og_title":"About Us - Ninovapark","og_description":"Al\u0131\u015fveri\u015fin ve e\u011flencenin ilk adresi olan NinovaPark AVM, 50 Bin m2 \u0130n\u015faat alan\u0131 ve 25 [&hellip;]","og_url":"https:\/\/www.ninovapark.com.tr\/en\/hakkimizda\/","og_site_name":"Ninovapark","article_modified_time":"2019-05-09T12:47:38+00:00","twitter_card":"summary_large_image","twitter_misc":{"Est. reading time":"1 minute"},"schema":{"@context":"https:\/\/schema.org","@graph":[{"@type":"WebPage","@id":"https:\/\/www.ninovapark.com.tr\/en\/hakkimizda\/","url":"https:\/\/www.ninovapark.com.tr\/en\/hakkimizda\/","name":"About Us - Ninovapark","isPartOf":{"@id":"https:\/\/www.ninovapark.com.tr\/#website"},"datePublished":"2019-04-26T11:00:03+00:00","dateModified":"2019-05-09T12:47:38+00:00","breadcrumb":{"@id":"https:\/\/www.ninovapark.com.tr\/en\/hakkimizda\/#breadcrumb"},"inLanguage":"en-US","potentialAction":[{"@type":"ReadAction","target":["https:\/\/www.ninovapark.com.tr\/en\/hakkimizda\/"]}]},{"@type":"BreadcrumbList","@id":"https:\/\/www.ninovapark.com.tr\/en\/hakkimizda\/#breadcrumb","itemListElement":[{"@type":"ListItem","position":1,"name":"Anasayfa","item":"https:\/\/www.ninovapark.com.tr\/"},{"@type":"ListItem","position":2,"name":"About Us"}]},{"@type":"WebSite","@id":"https:\/\/www.ninovapark.com.tr\/#website","url":"https:\/\/www.ninovapark.com.tr\/","name":"Ninovapark","description":"","potentialAction":[{"@type":"SearchAction","target":{"@type":"EntryPoint","urlTemplate":"https:\/\/www.ninovapark.com.tr\/?s={search_term_string}"},"query-input":"required name=search_term_string"}],"inLanguage":"en-US"}]}},"_links":{"self":[{"href":"https:\/\/www.ninovapark.com.tr\/en\/wp-json\/wp\/v2\/pages\/1234"}],"collection":[{"href":"https:\/\/www.ninovapark.com.tr\/en\/wp-json\/wp\/v2\/pages"}],"about":[{"href":"https:\/\/www.ninovapark.com.tr\/en\/wp-json\/wp\/v2\/types\/page"}],"author":[{"embeddable":true,"href":"https:\/\/www.ninovapark.com.tr\/en\/wp-json\/wp\/v2\/users\/3"}],"replies":[{"embeddable":true,"href":"https:\/\/www.ninovapark.com.tr\/en\/wp-json\/wp\/v2\/comments?post=1234"}],"version-history":[{"count":0,"href":"https:\/\/www.ninovapark.com.tr\/en\/wp-json\/wp\/v2\/pages\/1234\/revisions"}],"wp:attachment":[{"href":"https:\/\/www.ninovapark.com.tr\/en\/wp-json\/wp\/v2\/media?parent=1234"}],"curies":[{"name":"wp","href":"https:\/\/api.w.org\/{rel}","templated":true}]}}