        
{"id":1267,"date":"2019-04-26T16:13:03","date_gmt":"2019-04-26T13:13:03","guid":{"rendered":"http:\/\/fikrialemdijital.com\/demo\/ninova\/saatler-ve-yonlendirmeler\/"},"modified":"2019-05-09T15:45:29","modified_gmt":"2019-05-09T12:45:29","slug":"saatler-ve-yonlendirmeler","status":"publish","type":"page","link":"https:\/\/www.ninovapark.com.tr\/en\/saatler-ve-yonlendirmeler\/","title":{"rendered":"Clocks and Directions"},"content":{"rendered":"<div class=\"container\"><div class=\"row\"><div class=\"col-xl-4 col-lg-4 col-md-4 col-sm-8 col-xs-8\"><div class=\"calis\"><h3>Ninova Park AVM \u00c7al\u0131\u015fma Saatleri<\/h3><div class=\"saat\">Pzt-Cum 10:00-22:00<\/div><br \/><div class=\"saat\">Cmt-Pz 10:30-20:30<\/div><\/div><\/div><\/div><\/div><br><br><br><div class=\"container\"><div class=\"yonl\"><h3>Adres Y\u00f6nlendirme<\/h3><p>Lorem ipsum dolor sit amet, consectetur adipisicing elit, sed do eiusmod tempor incididunt ut labore et dolore magna aliqua. Ut enim ad minim veniam, quis nostrud exercitation ullamco laboris nisi ut aliquip ex ea commodo consequat.<\/p><\/div><\/div>","protected":false},"excerpt":{"rendered":"<p>Ninova Park AVM \u00c7al\u0131\u015fma SaatleriPzt-Cum 10:00-22:00Cmt-Pz 10:30-20:30Adres Y\u00f6nlendirmeLorem ipsum dolor sit amet, consectetur adipisicing elit, [&hellip;]<\/p>\n","protected":false},"author":3,"featured_media":0,"parent":0,"menu_order":0,"comment_status":"closed","ping_status":"closed","template":"saatler.php","meta":{"footnotes":"","_links_to":"","_links_to_target":""},"yoast_head":"<!-- This site is optimized with the Yoast SEO plugin v21.0 - https:\/\/yoast.com\/wordpress\/plugins\/seo\/ -->\n<title>Clocks and Directions - Ninovapark<\/title>\n<meta name=\"robots\" content=\"index, follow, max-snippet:-1, max-image-preview:large, max-video-preview:-1\" \/>\n<link rel=\"canonical\" href=\"https:\/\/www.ninovapark.com.tr\/en\/saatler-ve-yonlendirmeler\/\" \/>\n<meta property=\"og:locale\" content=\"en_US\" \/>\n<meta property=\"og:type\" content=\"article\" \/>\n<meta property=\"og:title\" content=\"Clocks and Directions - Ninovapark\" \/>\n<meta property=\"og:description\" content=\"Ninova Park AVM \u00c7al\u0131\u015fma SaatleriPzt-Cum 10:00-22:00Cmt-Pz 10:30-20:30Adres Y\u00f6nlendirmeLorem ipsum dolor sit amet, consectetur adipisicing elit, [&hellip;]\" \/>\n<meta property=\"og:url\" content=\"https:\/\/www.ninovapark.com.tr\/en\/saatler-ve-yonlendirmeler\/\" \/>\n<meta property=\"og:site_name\" content=\"Ninovapark\" \/>\n<meta property=\"article:modified_time\" content=\"2019-05-09T12:45:29+00:00\" \/>\n<meta name=\"twitter:card\" content=\"summary_large_image\" \/>\n<script type=\"application\/ld+json\" class=\"yoast-schema-graph\">{\"@context\":\"https:\/\/schema.org\",\"@graph\":[{\"@type\":\"WebPage\",\"@id\":\"https:\/\/www.ninovapark.com.tr\/en\/saatler-ve-yonlendirmeler\/\",\"url\":\"https:\/\/www.ninovapark.com.tr\/en\/saatler-ve-yonlendirmeler\/\",\"name\":\"Clocks and Directions - Ninovapark\",\"isPartOf\":{\"@id\":\"https:\/\/www.ninovapark.com.tr\/#website\"},\"datePublished\":\"2019-04-26T13:13:03+00:00\",\"dateModified\":\"2019-05-09T12:45:29+00:00\",\"breadcrumb\":{\"@id\":\"https:\/\/www.ninovapark.com.tr\/en\/saatler-ve-yonlendirmeler\/#breadcrumb\"},\"inLanguage\":\"en-US\",\"potentialAction\":[{\"@type\":\"ReadAction\",\"target\":[\"https:\/\/www.ninovapark.com.tr\/en\/saatler-ve-yonlendirmeler\/\"]}]},{\"@type\":\"BreadcrumbList\",\"@id\":\"https:\/\/www.ninovapark.com.tr\/en\/saatler-ve-yonlendirmeler\/#breadcrumb\",\"itemListElement\":[{\"@type\":\"ListItem\",\"position\":1,\"name\":\"Anasayfa\",\"item\":\"https:\/\/www.ninovapark.com.tr\/\"},{\"@type\":\"ListItem\",\"position\":2,\"name\":\"Clocks and Directions\"}]},{\"@type\":\"WebSite\",\"@id\":\"https:\/\/www.ninovapark.com.tr\/#website\",\"url\":\"https:\/\/www.ninovapark.com.tr\/\",\"name\":\"Ninovapark\",\"description\":\"\",\"potentialAction\":[{\"@type\":\"SearchAction\",\"target\":{\"@type\":\"EntryPoint\",\"urlTemplate\":\"https:\/\/www.ninovapark.com.tr\/?s={search_term_string}\"},\"query-input\":\"required name=search_term_string\"}],\"inLanguage\":\"en-US\"}]}<\/script>\n<!-- \/ Yoast SEO plugin. -->","yoast_head_json":{"title":"Clocks and Directions - Ninovapark","robots":{"index":"index","follow":"follow","max-snippet":"max-snippet:-1","max-image-preview":"max-image-preview:large","max-video-preview":"max-video-preview:-1"},"canonical":"https:\/\/www.ninovapark.com.tr\/en\/saatler-ve-yonlendirmeler\/","og_locale":"en_US","og_type":"article","og_title":"Clocks and Directions - Ninovapark","og_description":"Ninova Park AVM \u00c7al\u0131\u015fma SaatleriPzt-Cum 10:00-22:00Cmt-Pz 10:30-20:30Adres Y\u00f6nlendirmeLorem ipsum dolor sit amet, consectetur adipisicing elit, [&hellip;]","og_url":"https:\/\/www.ninovapark.com.tr\/en\/saatler-ve-yonlendirmeler\/","og_site_name":"Ninovapark","article_modified_time":"2019-05-09T12:45:29+00:00","twitter_card":"summary_large_image","schema":{"@context":"https:\/\/schema.org","@graph":[{"@type":"WebPage","@id":"https:\/\/www.ninovapark.com.tr\/en\/saatler-ve-yonlendirmeler\/","url":"https:\/\/www.ninovapark.com.tr\/en\/saatler-ve-yonlendirmeler\/","name":"Clocks and Directions - Ninovapark","isPartOf":{"@id":"https:\/\/www.ninovapark.com.tr\/#website"},"datePublished":"2019-04-26T13:13:03+00:00","dateModified":"2019-05-09T12:45:29+00:00","breadcrumb":{"@id":"https:\/\/www.ninovapark.com.tr\/en\/saatler-ve-yonlendirmeler\/#breadcrumb"},"inLanguage":"en-US","potentialAction":[{"@type":"ReadAction","target":["https:\/\/www.ninovapark.com.tr\/en\/saatler-ve-yonlendirmeler\/"]}]},{"@type":"BreadcrumbList","@id":"https:\/\/www.ninovapark.com.tr\/en\/saatler-ve-yonlendirmeler\/#breadcrumb","itemListElement":[{"@type":"ListItem","position":1,"name":"Anasayfa","item":"https:\/\/www.ninovapark.com.tr\/"},{"@type":"ListItem","position":2,"name":"Clocks and Directions"}]},{"@type":"WebSite","@id":"https:\/\/www.ninovapark.com.tr\/#website","url":"https:\/\/www.ninovapark.com.tr\/","name":"Ninovapark","description":"","potentialAction":[{"@type":"SearchAction","target":{"@type":"EntryPoint","urlTemplate":"https:\/\/www.ninovapark.com.tr\/?s={search_term_string}"},"query-input":"required name=search_term_string"}],"inLanguage":"en-US"}]}},"_links":{"self":[{"href":"https:\/\/www.ninovapark.com.tr\/en\/wp-json\/wp\/v2\/pages\/1267"}],"collection":[{"href":"https:\/\/www.ninovapark.com.tr\/en\/wp-json\/wp\/v2\/pages"}],"about":[{"href":"https:\/\/www.ninovapark.com.tr\/en\/wp-json\/wp\/v2\/types\/page"}],"author":[{"embeddable":true,"href":"https:\/\/www.ninovapark.com.tr\/en\/wp-json\/wp\/v2\/users\/3"}],"replies":[{"embeddable":true,"href":"https:\/\/www.ninovapark.com.tr\/en\/wp-json\/wp\/v2\/comments?post=1267"}],"version-history":[{"count":0,"href":"https:\/\/www.ninovapark.com.tr\/en\/wp-json\/wp\/v2\/pages\/1267\/revisions"}],"wp:attachment":[{"href":"https:\/\/www.ninovapark.com.tr\/en\/wp-json\/wp\/v2\/media?parent=1267"}],"curies":[{"name":"wp","href":"https:\/\/api.w.org\/{rel}","templated":true}]}}