        
{"id":1268,"date":"2019-04-26T16:13:21","date_gmt":"2019-04-26T13:13:21","guid":{"rendered":"http:\/\/fikrialemdijital.com\/demo\/ninova\/ulasim\/"},"modified":"2019-05-09T15:45:51","modified_gmt":"2019-05-09T12:45:51","slug":"ulasim","status":"publish","type":"page","link":"https:\/\/www.ninovapark.com.tr\/en\/ulasim\/","title":{"rendered":"Transportation"},"content":{"rendered":"<style>.hakkimizda-text .lineH {background: #eeab1e!important;}<\/style>\r\n<div class=\"col-xs-12 col-sm-5\">\r\n<h3 style=\"box-sizing: border-box; font-family: Montserrat, sans-serif; line-height: inherit; margin: 0px 0px 10px; font-size: 23px; padding: 0px; border: 0px; font-variant-numeric: inherit; font-variant-east-asian: inherit; font-stretch: inherit; vertical-align: baseline;\">Diyarbak\u0131r Havaalan\u0131na;<\/h3>\r\n<p style=\"box-sizing: border-box; margin: 0px 0px 50px; padding: 0px; border: 0px; font-variant-numeric: inherit; font-variant-east-asian: inherit; font-stretch: inherit; font-size: medium; line-height: 21px; font-family: Montserrat, sans-serif; vertical-align: baseline;\">3 KM (Ticari Taksi)\u00a0<br style=\"box-sizing: border-box;\" \/>(Kuru\u00e7e\u015fme-Medine Bulvar\u0131\u00a0<br style=\"box-sizing: border-box;\" \/>Ayd\u0131n Arslan Bulvar\u0131)<\/p>\r\n\r\n<h3 style=\"box-sizing: border-box; font-family: Montserrat, sans-serif; line-height: inherit; margin: 0px 0px 10px; font-size: 23px; padding: 0px; border: 0px; font-variant-numeric: inherit; font-variant-east-asian: inherit; font-stretch: inherit; vertical-align: baseline;\">Belediye ve Halk Otob\u00fcs\u00fc ile;<\/h3>\r\n<p style=\"box-sizing: border-box; margin: 0px 0px 50px; padding: 0px; border: 0px; font-variant-numeric: inherit; font-variant-east-asian: inherit; font-stretch: inherit; font-size: medium; line-height: 21px; font-family: Montserrat, sans-serif; vertical-align: baseline;\">(Kuru\u00e7e\u015fme-Medine Bulvar\u0131\u00a0<br style=\"box-sizing: border-box;\" \/>Ayd\u0131n Arslan Bulvar\u0131)\u00a0<br style=\"box-sizing: border-box;\" \/>Minib\u00fcsler ile;\u00a0<br style=\"box-sizing: border-box;\" \/>H.Evleri \u2013 Da\u011fkap\u0131 Direkt\u00a0<br style=\"box-sizing: border-box;\" \/>H.Evleri \u2013 B.Ba\u015f\u0131\u00a0<br style=\"box-sizing: border-box;\" \/>Ba\u011flar \u2013 Huzurevleri\u00a0<br style=\"box-sizing: border-box;\" \/>Ba\u011flar \u2013 Fak\u00fclte\u00a0<br style=\"box-sizing: border-box;\" \/>Ba\u011flar \u2013 Toplukonut\u00a0<br style=\"box-sizing: border-box;\" \/><br style=\"box-sizing: border-box;\" \/><br style=\"box-sizing: border-box;\" \/>G\u00fczergahlar ve ara\u00e7lar ile ula\u015fabilirsiniz.<\/p>\r\n\r\n<\/div>\r\n<div class=\"col-xs-12 col-sm-7 \"><iframe loading=\"lazy\" class=\"ulasimharita\" style=\"border: 0;\" src=\"https:\/\/www.google.com\/maps\/embed?pb=!1m18!1m12!1m3!1d1112.572769652869!2d40.20264977232643!3d37.93437839300836!2m3!1f0!2f0!3f0!3m2!1i1024!2i768!4f13.1!3m3!1m2!1s0x40751fc06297c2ff%3A0xa71c84402462bbe8!2zTmlub3ZhIFBhcmsgQWzEscWfdmVyacWfIE1lcmtlemk!5e0!3m2!1str!2str!4v1555914040860!5m2!1str!2str\" width=\"600\" height=\"450\" frameborder=\"0\" allowfullscreen=\"allowfullscreen\"><\/iframe><\/div>","protected":false},"excerpt":{"rendered":"<p>Diyarbak\u0131r Havaalan\u0131na; 3 KM (Ticari Taksi)\u00a0(Kuru\u00e7e\u015fme-Medine Bulvar\u0131\u00a0Ayd\u0131n Arslan Bulvar\u0131) Belediye ve Halk Otob\u00fcs\u00fc ile; (Kuru\u00e7e\u015fme-Medine [&hellip;]<\/p>\n","protected":false},"author":3,"featured_media":0,"parent":0,"menu_order":0,"comment_status":"closed","ping_status":"closed","template":"","meta":{"footnotes":"","_links_to":"","_links_to_target":""},"yoast_head":"<!-- This site is optimized with the Yoast SEO plugin v21.0 - https:\/\/yoast.com\/wordpress\/plugins\/seo\/ -->\n<title>Transportation - Ninovapark<\/title>\n<meta name=\"robots\" content=\"index, follow, max-snippet:-1, max-image-preview:large, max-video-preview:-1\" \/>\n<link rel=\"canonical\" href=\"https:\/\/www.ninovapark.com.tr\/en\/ulasim\/\" \/>\n<meta property=\"og:locale\" content=\"en_US\" \/>\n<meta property=\"og:type\" content=\"article\" \/>\n<meta property=\"og:title\" content=\"Transportation - Ninovapark\" \/>\n<meta property=\"og:description\" content=\"Diyarbak\u0131r Havaalan\u0131na; 3 KM (Ticari Taksi)\u00a0(Kuru\u00e7e\u015fme-Medine Bulvar\u0131\u00a0Ayd\u0131n Arslan Bulvar\u0131) Belediye ve Halk Otob\u00fcs\u00fc ile; (Kuru\u00e7e\u015fme-Medine [&hellip;]\" \/>\n<meta property=\"og:url\" content=\"https:\/\/www.ninovapark.com.tr\/en\/ulasim\/\" \/>\n<meta property=\"og:site_name\" content=\"Ninovapark\" \/>\n<meta property=\"article:modified_time\" content=\"2019-05-09T12:45:51+00:00\" \/>\n<meta name=\"twitter:card\" content=\"summary_large_image\" \/>\n<script type=\"application\/ld+json\" class=\"yoast-schema-graph\">{\"@context\":\"https:\/\/schema.org\",\"@graph\":[{\"@type\":\"WebPage\",\"@id\":\"https:\/\/www.ninovapark.com.tr\/en\/ulasim\/\",\"url\":\"https:\/\/www.ninovapark.com.tr\/en\/ulasim\/\",\"name\":\"Transportation - Ninovapark\",\"isPartOf\":{\"@id\":\"https:\/\/www.ninovapark.com.tr\/#website\"},\"datePublished\":\"2019-04-26T13:13:21+00:00\",\"dateModified\":\"2019-05-09T12:45:51+00:00\",\"breadcrumb\":{\"@id\":\"https:\/\/www.ninovapark.com.tr\/en\/ulasim\/#breadcrumb\"},\"inLanguage\":\"en-US\",\"potentialAction\":[{\"@type\":\"ReadAction\",\"target\":[\"https:\/\/www.ninovapark.com.tr\/en\/ulasim\/\"]}]},{\"@type\":\"BreadcrumbList\",\"@id\":\"https:\/\/www.ninovapark.com.tr\/en\/ulasim\/#breadcrumb\",\"itemListElement\":[{\"@type\":\"ListItem\",\"position\":1,\"name\":\"Anasayfa\",\"item\":\"https:\/\/www.ninovapark.com.tr\/\"},{\"@type\":\"ListItem\",\"position\":2,\"name\":\"Transportation\"}]},{\"@type\":\"WebSite\",\"@id\":\"https:\/\/www.ninovapark.com.tr\/#website\",\"url\":\"https:\/\/www.ninovapark.com.tr\/\",\"name\":\"Ninovapark\",\"description\":\"\",\"potentialAction\":[{\"@type\":\"SearchAction\",\"target\":{\"@type\":\"EntryPoint\",\"urlTemplate\":\"https:\/\/www.ninovapark.com.tr\/?s={search_term_string}\"},\"query-input\":\"required name=search_term_string\"}],\"inLanguage\":\"en-US\"}]}<\/script>\n<!-- \/ Yoast SEO plugin. -->","yoast_head_json":{"title":"Transportation - Ninovapark","robots":{"index":"index","follow":"follow","max-snippet":"max-snippet:-1","max-image-preview":"max-image-preview:large","max-video-preview":"max-video-preview:-1"},"canonical":"https:\/\/www.ninovapark.com.tr\/en\/ulasim\/","og_locale":"en_US","og_type":"article","og_title":"Transportation - Ninovapark","og_description":"Diyarbak\u0131r Havaalan\u0131na; 3 KM (Ticari Taksi)\u00a0(Kuru\u00e7e\u015fme-Medine Bulvar\u0131\u00a0Ayd\u0131n Arslan Bulvar\u0131) Belediye ve Halk Otob\u00fcs\u00fc ile; (Kuru\u00e7e\u015fme-Medine [&hellip;]","og_url":"https:\/\/www.ninovapark.com.tr\/en\/ulasim\/","og_site_name":"Ninovapark","article_modified_time":"2019-05-09T12:45:51+00:00","twitter_card":"summary_large_image","schema":{"@context":"https:\/\/schema.org","@graph":[{"@type":"WebPage","@id":"https:\/\/www.ninovapark.com.tr\/en\/ulasim\/","url":"https:\/\/www.ninovapark.com.tr\/en\/ulasim\/","name":"Transportation - Ninovapark","isPartOf":{"@id":"https:\/\/www.ninovapark.com.tr\/#website"},"datePublished":"2019-04-26T13:13:21+00:00","dateModified":"2019-05-09T12:45:51+00:00","breadcrumb":{"@id":"https:\/\/www.ninovapark.com.tr\/en\/ulasim\/#breadcrumb"},"inLanguage":"en-US","potentialAction":[{"@type":"ReadAction","target":["https:\/\/www.ninovapark.com.tr\/en\/ulasim\/"]}]},{"@type":"BreadcrumbList","@id":"https:\/\/www.ninovapark.com.tr\/en\/ulasim\/#breadcrumb","itemListElement":[{"@type":"ListItem","position":1,"name":"Anasayfa","item":"https:\/\/www.ninovapark.com.tr\/"},{"@type":"ListItem","position":2,"name":"Transportation"}]},{"@type":"WebSite","@id":"https:\/\/www.ninovapark.com.tr\/#website","url":"https:\/\/www.ninovapark.com.tr\/","name":"Ninovapark","description":"","potentialAction":[{"@type":"SearchAction","target":{"@type":"EntryPoint","urlTemplate":"https:\/\/www.ninovapark.com.tr\/?s={search_term_string}"},"query-input":"required name=search_term_string"}],"inLanguage":"en-US"}]}},"_links":{"self":[{"href":"https:\/\/www.ninovapark.com.tr\/en\/wp-json\/wp\/v2\/pages\/1268"}],"collection":[{"href":"https:\/\/www.ninovapark.com.tr\/en\/wp-json\/wp\/v2\/pages"}],"about":[{"href":"https:\/\/www.ninovapark.com.tr\/en\/wp-json\/wp\/v2\/types\/page"}],"author":[{"embeddable":true,"href":"https:\/\/www.ninovapark.com.tr\/en\/wp-json\/wp\/v2\/users\/3"}],"replies":[{"embeddable":true,"href":"https:\/\/www.ninovapark.com.tr\/en\/wp-json\/wp\/v2\/comments?post=1268"}],"version-history":[{"count":0,"href":"https:\/\/www.ninovapark.com.tr\/en\/wp-json\/wp\/v2\/pages\/1268\/revisions"}],"wp:attachment":[{"href":"https:\/\/www.ninovapark.com.tr\/en\/wp-json\/wp\/v2\/media?parent=1268"}],"curies":[{"name":"wp","href":"https:\/\/api.w.org\/{rel}","templated":true}]}}