        
{"id":1274,"date":"2019-04-26T16:15:28","date_gmt":"2019-04-26T13:15:28","guid":{"rendered":"http:\/\/fikrialemdijital.com\/demo\/ninova\/human-resources\/"},"modified":"2019-05-08T17:23:53","modified_gmt":"2019-05-08T14:23:53","slug":"human-resources","status":"publish","type":"page","link":"https:\/\/www.ninovapark.com.tr\/en\/human-resources\/","title":{"rendered":"Human Resources"},"content":{"rendered":"Bizimle \u00c7al\u0131\u015fmak \u0130ster misiniz?\r\n\r\n\n<div class=\"wpcf7 no-js\" id=\"wpcf7-f862-o1\" lang=\"tr-TR\" dir=\"ltr\">\n<div class=\"screen-reader-response\"><p role=\"status\" aria-live=\"polite\" aria-atomic=\"true\"><\/p> <ul><\/ul><\/div>\n<form action=\"\/en\/wp-json\/wp\/v2\/pages\/1274#wpcf7-f862-o1\" method=\"post\" class=\"wpcf7-form init\" aria-label=\"Contact form\" enctype=\"multipart\/form-data\" novalidate=\"novalidate\" data-status=\"init\">\n<div style=\"display: none;\">\n<input type=\"hidden\" name=\"_wpcf7\" value=\"862\" \/>\n<input type=\"hidden\" name=\"_wpcf7_version\" value=\"5.8\" \/>\n<input type=\"hidden\" name=\"_wpcf7_locale\" value=\"tr_TR\" \/>\n<input type=\"hidden\" name=\"_wpcf7_unit_tag\" value=\"wpcf7-f862-o1\" \/>\n<input type=\"hidden\" name=\"_wpcf7_container_post\" value=\"0\" \/>\n<input type=\"hidden\" name=\"_wpcf7_posted_data_hash\" value=\"\" \/>\n<\/div>\n<div class=\"input-inner\">\n         <div class=\"col-lg-6 col-xl-6 col-md-6 col-sm-12 col-xs-12\">\n         \t<input size=\"40\" class=\"wpcf7-form-control wpcf7-text wpcf7-validates-as-required effect-1\" aria-required=\"true\" aria-invalid=\"false\" placeholder=\"Ad\" value=\"\" type=\"text\" name=\"Ad\" \/>\n             <span class=\"focus-border\"><\/span>\n         <\/div>\n         <div class=\"col-lg-6 col-xl-6 col-md-6 col-sm-12 col-xs-12\">\n         \t<input size=\"40\" class=\"wpcf7-form-control wpcf7-text wpcf7-validates-as-required effect-1\" aria-required=\"true\" aria-invalid=\"false\" placeholder=\"Soyad\" value=\"\" type=\"text\" name=\"Soyad\" \/>\n             <span class=\"focus-border\"><\/span>\n         <\/div>\n         <div class=\"col-lg-6 col-xl-6 col-md-6 col-sm-12 col-xs-12\">\n         \t<input size=\"40\" class=\"wpcf7-form-control wpcf7-text wpcf7-validates-as-required effect-1\" aria-required=\"true\" aria-invalid=\"false\" placeholder=\"Mail\" value=\"\" type=\"text\" name=\"your-email\" \/>\n             <span class=\"focus-border\"><\/span>\n         <\/div>\n         <div class=\"col-lg-6 col-xl-6 col-md-6 col-sm-12 col-xs-12\">\n         \t<input size=\"40\" class=\"wpcf7-form-control wpcf7-text wpcf7-validates-as-required effect-1\" aria-required=\"true\" aria-invalid=\"false\" placeholder=\"Telefon\" value=\"\" type=\"text\" name=\"telefon\" \/>\n             <span class=\"focus-border\"><\/span>\n         <\/div>\n         <div class=\"col-lg-12 col-xl-12 col-md-12 col-sm-12 col-xs-12\">\n         \t<input size=\"40\" class=\"wpcf7-form-control wpcf7-text wpcf7-validates-as-required effect-1\" aria-required=\"true\" aria-invalid=\"false\" placeholder=\"Mesaj\u0131n\u0131z\" value=\"\" type=\"text\" name=\"your-message\" \/>\n             <span class=\"focus-border\"><\/span>\n         <\/div>\n         <br>\n<div class=\"col-lg-12 col-xl-12 col-md-12 col-sm-12 col-xs-12\"><label> \u00d6zge\u00e7mi\u015f (CV)<br> <input size=\"40\" class=\"wpcf7-form-control wpcf7-file wpcf7-validates-as-required\" accept=\".pdf,.docx,.jpeg,.jpg,.png,.doc\" aria-required=\"true\" aria-invalid=\"false\" type=\"file\" name=\"ozgecmis\" \/> <\/label><\/div>\n<div class=\"bttn\">\n           <input class=\"wpcf7-form-control wpcf7-submit has-spinner btn\" type=\"submit\" value=\"G\u00f6nder\" \/>\n         <\/div>\n\n       <\/div><div class=\"wpcf7-response-output\" aria-hidden=\"true\"><\/div>\n<\/form>\n<\/div>\n","protected":false},"excerpt":{"rendered":"<p>Bizimle \u00c7al\u0131\u015fmak \u0130ster misiniz?<\/p>\n","protected":false},"author":3,"featured_media":0,"parent":0,"menu_order":0,"comment_status":"closed","ping_status":"closed","template":"insankaynaklari.php","meta":{"footnotes":"","_links_to":"","_links_to_target":""},"yoast_head":"<!-- This site is optimized with the Yoast SEO plugin v21.0 - https:\/\/yoast.com\/wordpress\/plugins\/seo\/ -->\n<title>Human Resources - Ninovapark<\/title>\n<meta name=\"robots\" content=\"index, follow, max-snippet:-1, max-image-preview:large, max-video-preview:-1\" \/>\n<link rel=\"canonical\" href=\"https:\/\/www.ninovapark.com.tr\/en\/human-resources\/\" \/>\n<meta property=\"og:locale\" content=\"en_US\" \/>\n<meta property=\"og:type\" content=\"article\" \/>\n<meta property=\"og:title\" content=\"Human Resources - Ninovapark\" \/>\n<meta property=\"og:description\" content=\"Bizimle \u00c7al\u0131\u015fmak \u0130ster misiniz?\" \/>\n<meta property=\"og:url\" content=\"https:\/\/www.ninovapark.com.tr\/en\/human-resources\/\" \/>\n<meta property=\"og:site_name\" content=\"Ninovapark\" \/>\n<meta property=\"article:modified_time\" content=\"2019-05-08T14:23:53+00:00\" \/>\n<meta name=\"twitter:card\" content=\"summary_large_image\" \/>\n<script type=\"application\/ld+json\" class=\"yoast-schema-graph\">{\"@context\":\"https:\/\/schema.org\",\"@graph\":[{\"@type\":\"WebPage\",\"@id\":\"https:\/\/www.ninovapark.com.tr\/en\/human-resources\/\",\"url\":\"https:\/\/www.ninovapark.com.tr\/en\/human-resources\/\",\"name\":\"Human Resources - Ninovapark\",\"isPartOf\":{\"@id\":\"https:\/\/www.ninovapark.com.tr\/#website\"},\"datePublished\":\"2019-04-26T13:15:28+00:00\",\"dateModified\":\"2019-05-08T14:23:53+00:00\",\"breadcrumb\":{\"@id\":\"https:\/\/www.ninovapark.com.tr\/en\/human-resources\/#breadcrumb\"},\"inLanguage\":\"en-US\",\"potentialAction\":[{\"@type\":\"ReadAction\",\"target\":[\"https:\/\/www.ninovapark.com.tr\/en\/human-resources\/\"]}]},{\"@type\":\"BreadcrumbList\",\"@id\":\"https:\/\/www.ninovapark.com.tr\/en\/human-resources\/#breadcrumb\",\"itemListElement\":[{\"@type\":\"ListItem\",\"position\":1,\"name\":\"Anasayfa\",\"item\":\"https:\/\/www.ninovapark.com.tr\/\"},{\"@type\":\"ListItem\",\"position\":2,\"name\":\"Human Resources\"}]},{\"@type\":\"WebSite\",\"@id\":\"https:\/\/www.ninovapark.com.tr\/#website\",\"url\":\"https:\/\/www.ninovapark.com.tr\/\",\"name\":\"Ninovapark\",\"description\":\"\",\"potentialAction\":[{\"@type\":\"SearchAction\",\"target\":{\"@type\":\"EntryPoint\",\"urlTemplate\":\"https:\/\/www.ninovapark.com.tr\/?s={search_term_string}\"},\"query-input\":\"required name=search_term_string\"}],\"inLanguage\":\"en-US\"}]}<\/script>\n<!-- \/ Yoast SEO plugin. -->","yoast_head_json":{"title":"Human Resources - Ninovapark","robots":{"index":"index","follow":"follow","max-snippet":"max-snippet:-1","max-image-preview":"max-image-preview:large","max-video-preview":"max-video-preview:-1"},"canonical":"https:\/\/www.ninovapark.com.tr\/en\/human-resources\/","og_locale":"en_US","og_type":"article","og_title":"Human Resources - Ninovapark","og_description":"Bizimle \u00c7al\u0131\u015fmak \u0130ster misiniz?","og_url":"https:\/\/www.ninovapark.com.tr\/en\/human-resources\/","og_site_name":"Ninovapark","article_modified_time":"2019-05-08T14:23:53+00:00","twitter_card":"summary_large_image","schema":{"@context":"https:\/\/schema.org","@graph":[{"@type":"WebPage","@id":"https:\/\/www.ninovapark.com.tr\/en\/human-resources\/","url":"https:\/\/www.ninovapark.com.tr\/en\/human-resources\/","name":"Human Resources - Ninovapark","isPartOf":{"@id":"https:\/\/www.ninovapark.com.tr\/#website"},"datePublished":"2019-04-26T13:15:28+00:00","dateModified":"2019-05-08T14:23:53+00:00","breadcrumb":{"@id":"https:\/\/www.ninovapark.com.tr\/en\/human-resources\/#breadcrumb"},"inLanguage":"en-US","potentialAction":[{"@type":"ReadAction","target":["https:\/\/www.ninovapark.com.tr\/en\/human-resources\/"]}]},{"@type":"BreadcrumbList","@id":"https:\/\/www.ninovapark.com.tr\/en\/human-resources\/#breadcrumb","itemListElement":[{"@type":"ListItem","position":1,"name":"Anasayfa","item":"https:\/\/www.ninovapark.com.tr\/"},{"@type":"ListItem","position":2,"name":"Human Resources"}]},{"@type":"WebSite","@id":"https:\/\/www.ninovapark.com.tr\/#website","url":"https:\/\/www.ninovapark.com.tr\/","name":"Ninovapark","description":"","potentialAction":[{"@type":"SearchAction","target":{"@type":"EntryPoint","urlTemplate":"https:\/\/www.ninovapark.com.tr\/?s={search_term_string}"},"query-input":"required name=search_term_string"}],"inLanguage":"en-US"}]}},"_links":{"self":[{"href":"https:\/\/www.ninovapark.com.tr\/en\/wp-json\/wp\/v2\/pages\/1274"}],"collection":[{"href":"https:\/\/www.ninovapark.com.tr\/en\/wp-json\/wp\/v2\/pages"}],"about":[{"href":"https:\/\/www.ninovapark.com.tr\/en\/wp-json\/wp\/v2\/types\/page"}],"author":[{"embeddable":true,"href":"https:\/\/www.ninovapark.com.tr\/en\/wp-json\/wp\/v2\/users\/3"}],"replies":[{"embeddable":true,"href":"https:\/\/www.ninovapark.com.tr\/en\/wp-json\/wp\/v2\/comments?post=1274"}],"version-history":[{"count":0,"href":"https:\/\/www.ninovapark.com.tr\/en\/wp-json\/wp\/v2\/pages\/1274\/revisions"}],"wp:attachment":[{"href":"https:\/\/www.ninovapark.com.tr\/en\/wp-json\/wp\/v2\/media?parent=1274"}],"curies":[{"name":"wp","href":"https:\/\/api.w.org\/{rel}","templated":true}]}}